{"id":102,"date":"2020-11-23T05:23:50","date_gmt":"2020-11-23T05:23:50","guid":{"rendered":"https:\/\/sinnvoll-fuehren.com\/hostleadershipgathering2023\/?page_id=102"},"modified":"2024-11-27T20:06:51","modified_gmt":"2024-11-27T20:06:51","slug":"how-to-get-there","status":"publish","type":"page","link":"https:\/\/sinnvoll-fuehren.com\/hostleadershipgathering2023\/how-to-get-there\/","title":{"rendered":"How to get there"},"content":{"rendered":"\n<style type=\"text\/css\" data-created_by=\"avia_inline_auto\" id=\"style-css-av-7icby-bb0be7eb08ffe095004ebf4cee8e6d70\">\n.flex_column.av-7icby-bb0be7eb08ffe095004ebf4cee8e6d70{\nborder-radius:0px 0px 0px 0px;\npadding:0px 0px 0px 0px;\n}\n<\/style>\n<div  class='flex_column av-7icby-bb0be7eb08ffe095004ebf4cee8e6d70 av_one_full  avia-builder-el-0  el_before_av_section  avia-builder-el-no-sibling  first flex_column_div av-zero-column-padding  '     ><style type=\"text\/css\" data-created_by=\"avia_inline_auto\" id=\"style-css-av-khu58ee5-7f8ae63b717e7ee3e306f30b89720308\">\n#top .av-special-heading.av-khu58ee5-7f8ae63b717e7ee3e306f30b89720308{\npadding-bottom:10px;\n}\nbody .av-special-heading.av-khu58ee5-7f8ae63b717e7ee3e306f30b89720308 .av-special-heading-tag .heading-char{\nfont-size:25px;\npadding-bottom:10px;\n}\n.av-special-heading.av-khu58ee5-7f8ae63b717e7ee3e306f30b89720308 .av-subheading{\nfont-size:15px;\n}\n<\/style>\n<div  class='av-special-heading av-khu58ee5-7f8ae63b717e7ee3e306f30b89720308 av-special-heading-h1 blockquote elegant-quote elegant-centered  avia-builder-el-1  avia-builder-el-no-sibling  av-icon'><h1 class='av-special-heading-tag '  itemprop=\"headline\"  ><span class='heading-char avia-iconfont avia-font-entypo-fontello' data-av_icon='\ue841' data-av_iconfont='entypo-fontello' ><\/span><span class=\"heading-wrap\">HOW TO GET THERE<\/span><\/h1><div class=\"special-heading-border\"><div class=\"special-heading-inner-border\"><\/div><\/div><\/div><\/div>\n<\/div><\/div><\/div><!-- close content main div --><\/div><\/div>\n<style type=\"text\/css\" data-created_by=\"avia_inline_auto\" id=\"style-css-av-vipm6-86d72203b669d1f713302a1a957a2789\">\n.avia-section.av-vipm6-86d72203b669d1f713302a1a957a2789{\nbackground-repeat:no-repeat;\nbackground-image:url(https:\/\/sinnvoll-fuehren.com\/hostleadershipgathering2023\/wp-content\/uploads\/2020\/11\/austria-2386627_1280-1280x630.jpg);\nbackground-position:0% 0%;\nbackground-attachment:fixed;\n}\n<\/style>\n<div id='av_section_1'  class='avia-section av-vipm6-86d72203b669d1f713302a1a957a2789 main_color avia-section-default avia-no-border-styling  avia-builder-el-2  el_after_av_one_full  el_before_av_section  avia-full-stretch avia-bg-style-fixed container_wrap fullsize'  data-section-bg-repeat='stretch'><div class='container av-section-cont-open' ><div class='template-page content  av-content-full alpha units'><div class='post-entry post-entry-type-page post-entry-102'><div class='entry-content-wrapper clearfix'>\n\n<style type=\"text\/css\" data-created_by=\"avia_inline_auto\" id=\"style-css-av-brhg6-61f60eb96a91e7972227840f05f04349\">\n.flex_column.av-brhg6-61f60eb96a91e7972227840f05f04349{\nborder-radius:0px 0px 0px 0px;\npadding:0px 0px 0px 0px;\n}\n<\/style>\n<div  class='flex_column av-brhg6-61f60eb96a91e7972227840f05f04349 av_one_half  avia-builder-el-3  el_before_av_one_half  avia-builder-el-first  first flex_column_div av-zero-column-padding  '     ><\/div>\n<style type=\"text\/css\" data-created_by=\"avia_inline_auto\" id=\"style-css-av-khu4elvr-0234440a69b63c7cb94153b675fdc1ab\">\n.flex_column.av-khu4elvr-0234440a69b63c7cb94153b675fdc1ab{\nborder-radius:0px 0px 0px 0px;\npadding:50px 50px 50px 50px;\nbackground-color:#ffffff;\n}\n<\/style>\n<div  class='flex_column av-khu4elvr-0234440a69b63c7cb94153b675fdc1ab av_one_half  avia-builder-el-4  el_after_av_one_half  avia-builder-el-last  flex_column_div  '     ><p>\n<style type=\"text\/css\" data-created_by=\"avia_inline_auto\" id=\"style-css-av-7c4ke-49967c88207554cd443c5f9d669408b5\">\n#top .av-special-heading.av-7c4ke-49967c88207554cd443c5f9d669408b5{\npadding-bottom:10px;\n}\nbody .av-special-heading.av-7c4ke-49967c88207554cd443c5f9d669408b5 .av-special-heading-tag .heading-char{\nfont-size:25px;\n}\n.av-special-heading.av-7c4ke-49967c88207554cd443c5f9d669408b5 .av-subheading{\nfont-size:15px;\n}\n<\/style>\n<div  class='av-special-heading av-7c4ke-49967c88207554cd443c5f9d669408b5 av-special-heading-h2  avia-builder-el-5  el_before_av_textblock  avia-builder-el-first '><h2 class='av-special-heading-tag '  itemprop=\"headline\"  >How to get there &#8211; Public Transport<\/h2><div class=\"special-heading-border\"><div class=\"special-heading-inner-border\"><\/div><\/div><\/div><br \/>\n<section  class='av_textblock_section av-khu4e0vk-d7854b5717834a8c6d130c5109609e44 '   itemscope=\"itemscope\" itemtype=\"https:\/\/schema.org\/CreativeWork\" ><div class='avia_textblock'  itemprop=\"text\" ><p>To get around in Vienna, it is best to take the public transport. We are very proud of it. Also, we are glad to announce, that Wiener Linien, the public transport provider, is offering 10% discount on tickets <a href=\"https:\/\/sinnvoll-fuehren.com\/hostleadershipgathering2023\/#join\">booked<\/a> online. This offer is available from 60 days prior to the gathering. We will post the link here.<\/p>\n<p>To reach the Europahaus, you can take either the underground U4 to H\u00fctteldorf or the tram 49 to H\u00fctteldorf, Bujattigasse.<\/p>\n<p><strong>End of the line U4 H\u00fctteldorf<\/strong><\/p>\n<p>From there it\u2019s either a 12-minute walk or 2 bus stops with 49A, 50A, 450 oder 451 to Wolfersberggasse. To your opposite you will see the Europahaus Wien.<\/p>\n<p><strong>End of the tram line 49<\/strong><\/p>\n<p>From the city centre you can reach the Europahaus by tram line 49 to H\u00fctteldorf. There is also the possibility to change to the tram line 49 at the U3 station H\u00fctteldorf.<\/p>\n<p>If you reach the end of the tram line 49 take a 3-minute walk in the direction out of town.<\/p>\n<p>Travel information: <a title=\"Wiener Linien\" href=\"https:\/\/www.wienerlinien.at\/eportal3\/\" target=\"_blank\" rel=\"noopener\">www.wienerlinien.at<\/a><\/p>\n<\/div><\/section><\/p><\/div>\n\n<\/div><\/div><\/div><!-- close content main div --><\/div><\/div>\n<style type=\"text\/css\" data-created_by=\"avia_inline_auto\" id=\"style-css-av-toi4m-0277ca6552480ee9e5d42f4d35404090\">\n.avia-section.av-toi4m-0277ca6552480ee9e5d42f4d35404090{\nbackground-repeat:no-repeat;\nbackground-image:url(https:\/\/sinnvoll-fuehren.com\/hostleadershipgathering2023\/wp-content\/uploads\/2020\/11\/airplane-2230827_1280-1280x630.jpg);\nbackground-position:0% 0%;\nbackground-attachment:fixed;\n}\n<\/style>\n<div id='by-plane'  class='avia-section av-toi4m-0277ca6552480ee9e5d42f4d35404090 main_color avia-section-default avia-no-border-styling  avia-builder-el-7  el_after_av_section  el_before_av_one_full  avia-full-stretch avia-bg-style-fixed container_wrap fullsize'  data-section-bg-repeat='stretch'><div class='container av-section-cont-open' ><div class='template-page content  av-content-full alpha units'><div class='post-entry post-entry-type-page post-entry-102'><div class='entry-content-wrapper clearfix'>\n\n<style type=\"text\/css\" data-created_by=\"avia_inline_auto\" id=\"style-css-av-khu4elvr-6-8a984c4ca8908a9610cb8c5823587e00\">\n.flex_column.av-khu4elvr-6-8a984c4ca8908a9610cb8c5823587e00{\nborder-radius:0px 0px 0px 0px;\npadding:50px 50px 50px 50px;\nbackground-color:#ffffff;\n}\n<\/style>\n<div  class='flex_column av-khu4elvr-6-8a984c4ca8908a9610cb8c5823587e00 av_one_half  avia-builder-el-8  el_before_av_one_half  avia-builder-el-first  first flex_column_div  '     ><p>\n<style type=\"text\/css\" data-created_by=\"avia_inline_auto\" id=\"style-css-av-khu4hds6-8bfd6e81eeef54b8311c47891fffd7a8\">\n#top .av-special-heading.av-khu4hds6-8bfd6e81eeef54b8311c47891fffd7a8{\npadding-bottom:10px;\n}\nbody .av-special-heading.av-khu4hds6-8bfd6e81eeef54b8311c47891fffd7a8 .av-special-heading-tag .heading-char{\nfont-size:25px;\n}\n.av-special-heading.av-khu4hds6-8bfd6e81eeef54b8311c47891fffd7a8 .av-subheading{\nfont-size:15px;\n}\n<\/style>\n<div  class='av-special-heading av-khu4hds6-8bfd6e81eeef54b8311c47891fffd7a8 av-special-heading-h2  avia-builder-el-9  el_before_av_textblock  avia-builder-el-first '><h2 class='av-special-heading-tag '  itemprop=\"headline\"  >How to get there &#8211; by plane<\/h2><div class=\"special-heading-border\"><div class=\"special-heading-inner-border\"><\/div><\/div><\/div><br \/>\n<section  class='av_textblock_section av-khu4e0vk-5-810f4c383e377052f42963af8e7cd16f '   itemscope=\"itemscope\" itemtype=\"https:\/\/schema.org\/CreativeWork\" ><div class='avia_textblock'  itemprop=\"text\" ><p><span style=\"color: #333333;\"><b>We are happy to offer Special Lufthansa Group airlines fares<\/b><\/span><\/p>\n<p>The Lufthansa Group airlines bring people together &#8211; every day, all around the world. The global route network of Austrian Airlines, Lufthansa, SWISS, Brussels Airlines and Eurowings offers optimal connection and combination options, so you will benefit from quick and direct flights to the event.<\/p>\n<p>You will reach the booking platform via this link <a title=\"Meetings &amp; Events: Information and flight booking for event participants\" href=\"https:\/\/www.lufthansa.com\/at\/en\/meetings-and-events-delegates\" rel=\"nofollow noopener\" target=\"_blank\">https:\/\/www.lufthansa.com\/at\/en\/meetings-and-events-delegates<\/a>\u00a0and with the event code <b>ATAUWAX<\/b>. The reduced fares are automatically displayed.<\/p>\n<p><b>NB: Please enable pop-ups permanently in your browser while booking, otherwise the window in the booking platform will not open.<\/b><\/p>\n<p><span style=\"color: #333333;\"><b>Sondertarife der Lufthansa Group Airlines<\/b><\/span><\/p>\n<p>Die Lufthansa Group Airlines bringen Menschen zusammen &#8211; jeden Tag, auf der ganzen Welt. Das globale Streckennetz von Austrian Airlines, Lufthansa, SWISS, Brussels Airlines und Eurowings bietet optimale Verbindungs- und Kombinationsm\u00f6glichkeiten. So profitieren Sie von schnellen und direkten Flugverbindungen zum Event.<\/p>\n<p>\u00dcber den Link <a href=\"https:\/\/www.lufthansa.com\/at\/de\/meetings-und-events-teilnehmer\" rel=\"nofollow noopener\" target=\"_blank\">https:\/\/www.lufthansa.com\/at\/de\/meetings-und-events-teilnehmer<\/a> und mit dem Event Code <b>ATAUWAX<\/b> erreichen Sie die Buchungsplattform. Die erm\u00e4\u00dfigten Tarife werden automatisch angezeigt.<\/p>\n<p><b>Achtung: Lassen Sie w\u00e4hrend der Buchung Pop-ups in Ihrem Browser dauerhaft zu, da sich sonst das Fenster in der Buchungsplattform nicht \u00f6ffnet.<\/b><\/p>\n<\/div><\/section><\/p><\/div><div  class='flex_column av-836by-a00686b60f1b582474472ea5d094722c av_one_half  avia-builder-el-11  el_after_av_one_half  avia-builder-el-last  flex_column_div  '     ><style type=\"text\/css\" data-created_by=\"avia_inline_auto\" id=\"style-css-av-le6sak9j-3c16b3ae7101da69275572ff1ca7b151\">\n.avia-image-container.av-le6sak9j-3c16b3ae7101da69275572ff1ca7b151 img.avia_image{\nbox-shadow:none;\n}\n.avia-image-container.av-le6sak9j-3c16b3ae7101da69275572ff1ca7b151 .av-image-caption-overlay-center{\ncolor:#ffffff;\n}\n<\/style>\n<div  class='avia-image-container av-le6sak9j-3c16b3ae7101da69275572ff1ca7b151 av-styling-no-styling avia-align-center  avia-builder-el-12  avia-builder-el-no-sibling '   itemprop=\"image\" itemscope=\"itemscope\" itemtype=\"https:\/\/schema.org\/ImageObject\" ><div class=\"avia-image-container-inner\"><div class=\"avia-image-overlay-wrap\"><img decoding=\"async\" fetchpriority=\"high\" class='wp-image-784 avia-img-lazy-loading-not-784 avia_image ' src=\"https:\/\/sinnvoll-fuehren.com\/hostleadershipgathering2023\/wp-content\/uploads\/2023\/02\/Lufthansa-Group.png\" alt='' title='Lufthansa Group'  height=\"852\" width=\"716\"  itemprop=\"thumbnailUrl\" srcset=\"https:\/\/sinnvoll-fuehren.com\/hostleadershipgathering2023\/wp-content\/uploads\/2023\/02\/Lufthansa-Group.png 716w, https:\/\/sinnvoll-fuehren.com\/hostleadershipgathering2023\/wp-content\/uploads\/2023\/02\/Lufthansa-Group-252x300.png 252w, https:\/\/sinnvoll-fuehren.com\/hostleadershipgathering2023\/wp-content\/uploads\/2023\/02\/Lufthansa-Group-592x705.png 592w, https:\/\/sinnvoll-fuehren.com\/hostleadershipgathering2023\/wp-content\/uploads\/2023\/02\/Lufthansa-Group-450x535.png 450w, https:\/\/sinnvoll-fuehren.com\/hostleadershipgathering2023\/wp-content\/uploads\/2023\/02\/Lufthansa-Group-600x714.png 600w\" sizes=\"(max-width: 716px) 100vw, 716px\" \/><\/div><\/div><\/div><\/div>\n<\/div><\/div><\/div><!-- close content main div --><\/div><\/div><div id='after_section_2'  class='main_color av_default_container_wrap container_wrap fullsize'  ><div class='container av-section-cont-open' ><div class='template-page content  av-content-full alpha units'><div class='post-entry post-entry-type-page post-entry-102'><div class='entry-content-wrapper clearfix'>\n\n<style type=\"text\/css\" data-created_by=\"avia_inline_auto\" id=\"style-css-av-nbcwe-62feab40b061054e51a3d653115d091b\">\n.flex_column.av-nbcwe-62feab40b061054e51a3d653115d091b{\nborder-radius:0px 0px 0px 0px;\npadding:0px 0px 0px 0px;\n}\n<\/style>\n<div  class='flex_column av-nbcwe-62feab40b061054e51a3d653115d091b av_one_full  avia-builder-el-13  el_after_av_section  el_before_av_section  avia-builder-el-no-sibling  first flex_column_div av-zero-column-padding  '     ><p>\n<style type=\"text\/css\" data-created_by=\"avia_inline_auto\" id=\"style-css-av-khu4m9ir-8a01960a8d7f40370a883cf5c18b5e57\">\n#top .av-special-heading.av-khu4m9ir-8a01960a8d7f40370a883cf5c18b5e57{\npadding-bottom:10px;\n}\nbody .av-special-heading.av-khu4m9ir-8a01960a8d7f40370a883cf5c18b5e57 .av-special-heading-tag .heading-char{\nfont-size:25px;\n}\n.av-special-heading.av-khu4m9ir-8a01960a8d7f40370a883cf5c18b5e57 .av-subheading{\nfont-size:15px;\n}\n<\/style>\n<div  class='av-special-heading av-khu4m9ir-8a01960a8d7f40370a883cf5c18b5e57 av-special-heading-h2  avia-builder-el-14  el_before_av_textblock  avia-builder-el-first '><h2 class='av-special-heading-tag '  itemprop=\"headline\"  >How to get there \u2013 from the airport<\/h2><div class=\"special-heading-border\"><div class=\"special-heading-inner-border\"><\/div><\/div><\/div><br \/>\n<section  class='av_textblock_section av-khu4n6fc-f5f8609579921d4a8aaaaa0dc85ddbef '   itemscope=\"itemscope\" itemtype=\"https:\/\/schema.org\/CreativeWork\" ><div class='avia_textblock'  itemprop=\"text\" ><p><strong>S-Bahn &#8211; this is the most cost effective way:<\/strong><br \/>\nTake the train S7 towards Floridsdorf to the station Landstra\u00dfe \u2013 Wien Mitte. There you change to the underground U4 towards H\u00fctteldorf. Then follow the description at the top, called &#8220;Public Transport&#8221;.<\/p>\n<p>You will need a ticket for two zones, costing EUR 4,80. For all information on public transport please visit <a title=\"Wiener Linien\" href=\"https:\/\/www.wienerlinien.at\/eportal3\/\" target=\"_blank\" rel=\"noopener\">www.wienerlinien.at<\/a>.<\/p>\n<p>We like to thank &#8220;Wiener Linien&#8221; for offering a 10% discount when you <!--<a href=\"https:\/\/shop.wienerlinien.at\/index.php\/special_customer\/2790\/join\/.xh!zGoXrg\" rel=\"noopener\" target=\"_blank\" title=\"Book tickets online\">-->book your tickets online<!--<\/a>-->. The link is valid from t.b.d. to t.b.d..<\/p>\n<p><strong>Train:<\/strong> Your can also take the train from the Airport to Hauptbahnhof (connect to U1) or Bahnhof Meidling (connect to U6). It also costs only 4,80 EUR.<\/p>\n<p><strong>City Airport Train:<\/strong> Take the CAT to Landstrasse \u2013 Wien Mitte, then change onto the U4 towards H\u00fctteldorf. This option is only slightly faster than the S-Bahn though it costs a lot more.<\/p>\n<p>One way ticket for the CAT costs EUR 11,00, a return ticket costs EUR 19,00. In addition you will need a One Way ticket for public transport EUR 2,40. 24hrs ticket EUR 8,00. For further information on the CAT please visit <a title=\"City Airport Train\" href=\"https:\/\/www.cityairporttrain.com\/en\/home\" target=\"_blank\" rel=\"noopener\">www.cityairporttrain.com<\/a>.<\/p>\n<p><strong>Pre-booked Airport Transfer:<\/strong> Prices are around 25-30 EUR. Please book at least 24 hours in advance.<\/p>\n<p><strong>Taxi\/Cab &#8211; this is the most expensive way:<\/strong> Taxis are available directly outside of Vienna International Airport. It will cost around 50 EUR.<\/p>\n<p><strong>DriveNow and car2go:<\/strong> Should you be a member of DriveNow or car2go (or both) you can also get a car at the airport. Though there is no guarantee for this. It costs 10 EUR (airport fee) plus the price per minute drive.<\/p>\n<p>(The organizers don&#8217;t guarantee these prices and take no liability for them.)<\/p>\n<\/div><\/section><\/p><\/div>\n<\/div><\/div><\/div><!-- close content main div --><\/div><\/div>\n<style type=\"text\/css\" data-created_by=\"avia_inline_auto\" id=\"style-css-av-vipm6-8-d17014fc71317572115638d73a847fdf\">\n.avia-section.av-vipm6-8-d17014fc71317572115638d73a847fdf{\nbackground-repeat:no-repeat;\nbackground-image:url(https:\/\/sinnvoll-fuehren.com\/hostleadershipgathering2023\/wp-content\/uploads\/2020\/11\/railjet-1280x630.jpg);\nbackground-position:0% 0%;\nbackground-attachment:fixed;\n}\n<\/style>\n<div id='av_section_3'  class='avia-section av-vipm6-8-d17014fc71317572115638d73a847fdf main_color avia-section-default avia-no-border-styling  avia-builder-el-16  el_after_av_one_full  el_before_av_one_full  avia-full-stretch avia-bg-style-fixed container_wrap fullsize'  data-section-bg-repeat='stretch'><div class='container av-section-cont-open' ><div class='template-page content  av-content-full alpha units'><div class='post-entry post-entry-type-page post-entry-102'><div class='entry-content-wrapper clearfix'>\n\n<style type=\"text\/css\" data-created_by=\"avia_inline_auto\" id=\"style-css-av-brhg6-7-27ff33627f0f2dc504142ced87fa7d9f\">\n.flex_column.av-brhg6-7-27ff33627f0f2dc504142ced87fa7d9f{\nborder-radius:0px 0px 0px 0px;\npadding:0px 0px 0px 0px;\n}\n<\/style>\n<div  class='flex_column av-brhg6-7-27ff33627f0f2dc504142ced87fa7d9f av_one_half  avia-builder-el-17  el_before_av_one_half  avia-builder-el-first  first flex_column_div av-zero-column-padding  '     ><\/div>\n<style type=\"text\/css\" data-created_by=\"avia_inline_auto\" id=\"style-css-av-khu4elvr-4-1364adf9556866caebdcb2bdb230c855\">\n.flex_column.av-khu4elvr-4-1364adf9556866caebdcb2bdb230c855{\nborder-radius:0px 0px 0px 0px;\npadding:50px 50px 50px 50px;\nbackground-color:#ffffff;\n}\n<\/style>\n<div  class='flex_column av-khu4elvr-4-1364adf9556866caebdcb2bdb230c855 av_one_half  avia-builder-el-18  el_after_av_one_half  avia-builder-el-last  flex_column_div  '     ><p>\n<style type=\"text\/css\" data-created_by=\"avia_inline_auto\" id=\"style-css-av-khu4o20a-a118f724f1c24b6f6b7a7470b65d3922\">\n#top .av-special-heading.av-khu4o20a-a118f724f1c24b6f6b7a7470b65d3922{\npadding-bottom:10px;\n}\nbody .av-special-heading.av-khu4o20a-a118f724f1c24b6f6b7a7470b65d3922 .av-special-heading-tag .heading-char{\nfont-size:25px;\n}\n.av-special-heading.av-khu4o20a-a118f724f1c24b6f6b7a7470b65d3922 .av-subheading{\nfont-size:15px;\n}\n<\/style>\n<div  class='av-special-heading av-khu4o20a-a118f724f1c24b6f6b7a7470b65d3922 av-special-heading-h2  avia-builder-el-19  el_before_av_textblock  avia-builder-el-first '><h2 class='av-special-heading-tag '  itemprop=\"headline\"  >How to get there &#8211; by train<\/h2><div class=\"special-heading-border\"><div class=\"special-heading-inner-border\"><\/div><\/div><\/div><br \/>\n<section  class='av_textblock_section av-khu4e0vk-3-187c2775324fd39678b096719ef43a9b '   itemscope=\"itemscope\" itemtype=\"https:\/\/schema.org\/CreativeWork\" ><div class='avia_textblock'  itemprop=\"text\" ><p>There are many train connections to and from Vienna. Most will end or pass either Wien Hauptbahnhof and\/or Bahnhof Meidling.<\/p>\n<p><strong>From Meidling:<\/strong> The most consistent way is to take the U6 towards Floridsdorf and to change at L\u00e4ngenfeldgasse to the U4 towards H\u00fctteldorf (you need to change the platform). Then follow the description above at &#8220;Public Transport&#8221;.<\/p>\n<p><strong>From Main Station:<\/strong> U1 towards Leopoldau until Karlsplatz. Then change to U4 towards H\u00fctteldorf and follow the description above.<\/p>\n<p>Should you come from the west of Austria, then the <a href=\"https:\/\/westbahn.at\/en\/\" target=\"_blank\" rel=\"noopener\">Westbahn<\/a> can bring you to Wien H\u00fctteldorf. From there follow the description above on getting to the Europahaus by public transport.<\/p>\n<\/div><\/section><\/p><\/div>\n<\/div><\/div><\/div><!-- close content main div --><\/div><\/div><div id='after_section_3'  class='main_color av_default_container_wrap container_wrap fullsize'  ><div class='container av-section-cont-open' ><div class='template-page content  av-content-full alpha units'><div class='post-entry post-entry-type-page post-entry-102'><div class='entry-content-wrapper clearfix'>\n\n<style type=\"text\/css\" data-created_by=\"avia_inline_auto\" id=\"style-css-av-nbcwe-2-1bfd08ac1f927e96831b84d841ec60a5\">\n.flex_column.av-nbcwe-2-1bfd08ac1f927e96831b84d841ec60a5{\nborder-radius:0px 0px 0px 0px;\npadding:0px 0px 0px 0px;\n}\n<\/style>\n<div  class='flex_column av-nbcwe-2-1bfd08ac1f927e96831b84d841ec60a5 av_one_full  avia-builder-el-21  el_after_av_section  avia-builder-el-no-sibling  first flex_column_div av-zero-column-padding  '     ><p>\n<style type=\"text\/css\" data-created_by=\"avia_inline_auto\" id=\"style-css-av-agqku-33256e50c20cc61d8e2a1f0391e95438\">\n#top .av-special-heading.av-agqku-33256e50c20cc61d8e2a1f0391e95438{\npadding-bottom:10px;\n}\nbody .av-special-heading.av-agqku-33256e50c20cc61d8e2a1f0391e95438 .av-special-heading-tag .heading-char{\nfont-size:25px;\n}\n.av-special-heading.av-agqku-33256e50c20cc61d8e2a1f0391e95438 .av-subheading{\nfont-size:15px;\n}\n<\/style>\n<div  class='av-special-heading av-agqku-33256e50c20cc61d8e2a1f0391e95438 av-special-heading-h2  avia-builder-el-22  el_before_av_textblock  avia-builder-el-first '><h2 class='av-special-heading-tag '  itemprop=\"headline\"  >How to get there \u2013 by car<\/h2><div class=\"special-heading-border\"><div class=\"special-heading-inner-border\"><\/div><\/div><\/div><br \/>\n<section  class='av_textblock_section av-khu4n6fc-1-32f650506f23bfb026cceb511e477d6c '   itemscope=\"itemscope\" itemtype=\"https:\/\/schema.org\/CreativeWork\" ><div class='avia_textblock'  itemprop=\"text\" ><p><strong>From the west (A1):<\/strong><br \/>\nFollow A1 to Albert-Schweitzer-Gasse in Vienna, take exit 9-Auhof on the A1. Follow B223 to the destination on the right-hand side.<\/p>\n<p>Or, follow Wientalstra\u00dfe until you reach the place-name sign &#8220;Wien&#8221;, at the next traffic light take the left into Bergmillergasse, next traffic light left into Linzer Stra\u00dfe, and after 200m turn left. You are at Europahaus Wien.<\/p>\n<p><strong>From the south:<\/strong><br \/>\nFrom the A2, exit towards Wiental, Altmannsdorferstra\u00dfe, Gr\u00fcnbergstra\u00dfe, Winkelmannstra\u00dfe, turn left into Linzer Stra\u00dfe<\/p>\n<p><strong>GPS Coordinates:<\/strong><br \/>\nLatitude: 48\u00b012\u201912.2\u2033N<br \/>\nLongitude: 16\u00b015\u201902.9\u2033E<\/p>\n<p>All participants, hotel and event guests can take advantage of the 100 free parking spaces provided directly on site. We ask for your understanding that we cannot reserve parking spaces. If our parking lot is full, you can also park free of charge on Linzer Stra\u00dfe.<\/p>\n<p>Address: <a href=\"https:\/\/www.google.com\/maps\/place\/Linzer+Str.+429,+1140+Wien\/@48.2026949,16.2486016,17z\/data=!3m1!4b1!4m5!3m4!1s0x476da77c26c1cd0d:0x1d745fa4edaccce9!8m2!3d48.2026949!4d16.2507903\" target=\"_blank\" rel=\"noopener\">Linzer Strasse 429, 1140 Wien<\/a> (Google Maps)<\/p>\n<\/div><\/section><br \/>\n<div  class='avia-button-wrap avia-button-center  avia-builder-el-24  el_after_av_textblock  avia-builder-el-last '>\n<style type=\"text\/css\" data-created_by=\"avia_inline_auto\" id=\"style-css-av-khu53fid-b2870d1b895b1dc3bd31376547636d0f\">\n#top #wrap_all .avia-button.av-khu53fid-b2870d1b895b1dc3bd31376547636d0f:hover{\ncolor:#ffffff;\ntransition:all 0.4s ease-in-out;\n}\n#top #wrap_all .avia-button.av-khu53fid-b2870d1b895b1dc3bd31376547636d0f:hover .avia-svg-icon svg:first-child{\nfill:#ffffff;\nstroke:#ffffff;\n}\n<\/style>\n<a href=\"https:\/\/www.google.com\/maps\/place\/Linzer+Str.+429,+1140+Wien\/@48.2026949,16.2486016,17z\/data=!3m1!4b1!4m5!3m4!1s0x476da77c26c1cd0d:0x1d745fa4edaccce9!8m2!3d48.2026949!4d16.2507903\" class=\"avia-color-theme-color avia-font-color-theme-color avia-button avia-button-fullwidth av-khu53fid-b2870d1b895b1dc3bd31376547636d0f avia-icon_select-yes-left-icon avia-color-theme-color\" target=\"_blank\" rel=\"noopener noreferrer\" aria-label=\"Show in Google Maps\"><span class='avia_button_icon avia_button_icon_left avia-iconfont avia-font-entypo-fontello' data-av_icon='\ue843' data-av_iconfont='entypo-fontello' ><\/span><span class='avia_iconbox_title' >Show in Google Maps<\/span><span class='avia_button_background avia-button avia-button-fullwidth avia-color-theme-color-highlight'><\/span><\/a><\/div><\/p><\/div>\n","protected":false},"excerpt":{"rendered":"","protected":false},"author":1,"featured_media":107,"parent":0,"menu_order":0,"comment_status":"closed","ping_status":"closed","template":"","meta":{"footnotes":""},"class_list":["post-102","page","type-page","status-publish","has-post-thumbnail","hentry"],"_links":{"self":[{"href":"https:\/\/sinnvoll-fuehren.com\/hostleadershipgathering2023\/wp-json\/wp\/v2\/pages\/102","targetHints":{"allow":["GET"]}}],"collection":[{"href":"https:\/\/sinnvoll-fuehren.com\/hostleadershipgathering2023\/wp-json\/wp\/v2\/pages"}],"about":[{"href":"https:\/\/sinnvoll-fuehren.com\/hostleadershipgathering2023\/wp-json\/wp\/v2\/types\/page"}],"author":[{"embeddable":true,"href":"https:\/\/sinnvoll-fuehren.com\/hostleadershipgathering2023\/wp-json\/wp\/v2\/users\/1"}],"replies":[{"embeddable":true,"href":"https:\/\/sinnvoll-fuehren.com\/hostleadershipgathering2023\/wp-json\/wp\/v2\/comments?post=102"}],"version-history":[{"count":7,"href":"https:\/\/sinnvoll-fuehren.com\/hostleadershipgathering2023\/wp-json\/wp\/v2\/pages\/102\/revisions"}],"predecessor-version":[{"id":1014,"href":"https:\/\/sinnvoll-fuehren.com\/hostleadershipgathering2023\/wp-json\/wp\/v2\/pages\/102\/revisions\/1014"}],"wp:featuredmedia":[{"embeddable":true,"href":"https:\/\/sinnvoll-fuehren.com\/hostleadershipgathering2023\/wp-json\/wp\/v2\/media\/107"}],"wp:attachment":[{"href":"https:\/\/sinnvoll-fuehren.com\/hostleadershipgathering2023\/wp-json\/wp\/v2\/media?parent=102"}],"curies":[{"name":"wp","href":"https:\/\/api.w.org\/{rel}","templated":true}]}}